{"id":115,"date":"2023-03-16T10:13:35","date_gmt":"2023-03-16T14:13:35","guid":{"rendered":"https:\/\/gestiononline.ca\/?page_id=115"},"modified":"2025-12-05T10:30:40","modified_gmt":"2025-12-05T15:30:40","slug":"service-de-drone","status":"publish","type":"page","link":"https:\/\/servicestechniquessd.ca\/?page_id=115","title":{"rendered":"Service de dr\u00f4ne"},"content":{"rendered":"\n<div class=\"wp-block-columns is-layout-flex wp-container-core-columns-is-layout-9d6595d7 wp-block-columns-is-layout-flex\">\n<div class=\"wp-block-column is-layout-flow wp-block-column-is-layout-flow\">\n<p>L&rsquo;arriv\u00e9e des drones sur le march\u00e9 nous permet de vous offrir une panoplie de nouveaux services. Gr\u00e2ce \u00e0 cette nouvelle technologie, des travaux d&rsquo;arpentage d&rsquo;envergure peuvent maintenant \u00eatre r\u00e9alis\u00e9s \u00e0 des co\u00fbts beaucoup plus bas<strong>.<\/strong><\/p>\n\n\n\n<ul class=\"wp-block-list\">\n<li>Calculs de volume (exploitation mini\u00e8re et inventaire de carri\u00e8re et sabli\u00e8re)<\/li>\n\n\n\n<li>Cr\u00e9ation de mod\u00e8le num\u00e9rique de terrain (MNT)<\/li>\n\n\n\n<li>Traitement de donn\u00e9es<\/li>\n\n\n\n<li>S\u00e9curitaire en terrain accident\u00e9<\/li>\n\n\n\n<li>Nuage de points<\/li>\n\n\n\n<li>Suivi de chantier par photographie<\/li>\n<\/ul>\n<\/div>\n\n\n\n<div class=\"wp-block-column is-layout-flow wp-block-column-is-layout-flow\">\n<figure class=\"wp-block-image\"><img fetchpriority=\"high\" decoding=\"async\" width=\"2560\" height=\"1440\" src=\"https:\/\/servicestechniquessd.ca\/wp-content\/uploads\/2023\/08\/drone-edited-scaled.jpg\" alt=\"\" class=\"wp-image-282\" srcset=\"https:\/\/servicestechniquessd.ca\/wp-content\/uploads\/2023\/08\/drone-edited-scaled.jpg 2560w, https:\/\/servicestechniquessd.ca\/wp-content\/uploads\/2023\/08\/drone-edited-300x169.jpg 300w, https:\/\/servicestechniquessd.ca\/wp-content\/uploads\/2023\/08\/drone-edited-1024x576.jpg 1024w, https:\/\/servicestechniquessd.ca\/wp-content\/uploads\/2023\/08\/drone-edited-768x432.jpg 768w, https:\/\/servicestechniquessd.ca\/wp-content\/uploads\/2023\/08\/drone-edited-1536x864.jpg 1536w, https:\/\/servicestechniquessd.ca\/wp-content\/uploads\/2023\/08\/drone-edited-2048x1152.jpg 2048w\" sizes=\"(max-width: 2560px) 100vw, 2560px\" \/><\/figure>\n<\/div>\n<\/div>\n\n\n\n<div style=\"height:19px\" aria-hidden=\"true\" class=\"wp-block-spacer\"><\/div>\n\n\n\n<p>Une image en nuage de point permettant de recr\u00e9er l&rsquo;image d&rsquo;un relev\u00e9 de drone en 3D. <\/p>\n\n\n\n<div class=\"wp-block-columns is-layout-flex wp-container-core-columns-is-layout-9d6595d7 wp-block-columns-is-layout-flex\">\n<div class=\"wp-block-column is-layout-flow wp-block-column-is-layout-flow\">\n<iframe src=\"https:\/\/ion.cesium.com\/stories\/viewer\/?id=dbe94e7c-5f5a-4b2e-a913-1aee95f70eda\" height=\"680px\" width=\"100%\"><\/iframe>\n<p>\n<iframe src=\"https:\/\/ion.cesium.com\/stories\/viewer\/?id=48748623-bd36-4e43-9ec8-39125a4356a6\" height=\"680px\" width=\"100%\"><\/iframe>\n<p>\n<iframe src=\"https:\/\/ion.cesium.com\/stories\/viewer\/?id=9920eb1e-eccf-4256-b789-2e4ad3db473c\" height=\"680px\" width=\"100%\"><\/iframe>\n<p>\n<iframe src=\"https:\/\/ion.cesium.com\/stories\/viewer\/?id=f2dd2870-517f-4a28-bd08-e47c4ac8aeaf\" height=\"680px\" width=\"100%\"><\/iframe>\n<p>\n<iframe src=\"https:\/\/ion.cesium.com\/stories\/viewer\/?id=39a4cb83-23a2-429c-b323-dd4631dbd956\" height=\"680px\" width=\"100%\"><\/iframe>\n<\/div>\n<\/div>\n","protected":false},"excerpt":{"rendered":"<p>L&rsquo;arriv\u00e9e des drones sur le march\u00e9 nous permet de vous offrir une panoplie de nouveaux services. Gr\u00e2ce \u00e0 cette nouvelle technologie, des travaux d&rsquo;arpentage d&rsquo;envergure peuvent maintenant \u00eatre r\u00e9alis\u00e9s \u00e0 des co\u00fbts beaucoup plus bas. Une image en nuage de point permettant de recr\u00e9er l&rsquo;image d&rsquo;un relev\u00e9 de drone en 3D.<\/p>\n","protected":false},"author":1,"featured_media":0,"parent":0,"menu_order":0,"comment_status":"closed","ping_status":"closed","template":"page-templates\/page-full-width.php","meta":{"footnotes":""},"class_list":["post-115","page","type-page","status-publish","hentry"],"_links":{"self":[{"href":"https:\/\/servicestechniquessd.ca\/index.php?rest_route=\/wp\/v2\/pages\/115","targetHints":{"allow":["GET"]}}],"collection":[{"href":"https:\/\/servicestechniquessd.ca\/index.php?rest_route=\/wp\/v2\/pages"}],"about":[{"href":"https:\/\/servicestechniquessd.ca\/index.php?rest_route=\/wp\/v2\/types\/page"}],"author":[{"embeddable":true,"href":"https:\/\/servicestechniquessd.ca\/index.php?rest_route=\/wp\/v2\/users\/1"}],"replies":[{"embeddable":true,"href":"https:\/\/servicestechniquessd.ca\/index.php?rest_route=%2Fwp%2Fv2%2Fcomments&post=115"}],"version-history":[{"count":28,"href":"https:\/\/servicestechniquessd.ca\/index.php?rest_route=\/wp\/v2\/pages\/115\/revisions"}],"predecessor-version":[{"id":378,"href":"https:\/\/servicestechniquessd.ca\/index.php?rest_route=\/wp\/v2\/pages\/115\/revisions\/378"}],"wp:attachment":[{"href":"https:\/\/servicestechniquessd.ca\/index.php?rest_route=%2Fwp%2Fv2%2Fmedia&parent=115"}],"curies":[{"name":"wp","href":"https:\/\/api.w.org\/{rel}","templated":true}]}}