{"id":121,"date":"2023-03-16T10:45:31","date_gmt":"2023-03-16T14:45:31","guid":{"rendered":"https:\/\/gestiononline.ca\/?page_id=121"},"modified":"2023-08-04T09:16:42","modified_gmt":"2023-08-04T13:16:42","slug":"balayage-3d","status":"publish","type":"page","link":"https:\/\/servicestechniquessd.ca\/?page_id=121","title":{"rendered":"Balayage\u00a03D"},"content":{"rendered":"\n<div class=\"wp-block-columns is-layout-flex wp-container-core-columns-is-layout-9d6595d7 wp-block-columns-is-layout-flex\">\n<div class=\"wp-block-column is-layout-flow wp-block-column-is-layout-flow\">\n<p>Le balayage 3D est une op\u00e9ration au cours de laquelle un appareil d&rsquo;imagerie capture et mod\u00e9lise l&rsquo;environnement d&rsquo;un milieu naturel ou d&rsquo;un projet existant.<\/p>\n\n\n\n<p>Le balayage 3D est fr\u00e9quemment utilis\u00e9 dans les situations o\u00f9 il est difficile d&rsquo;acc\u00e9der aux \u00e9l\u00e9ments \u00e0 mesurer ou lorsque cela pr\u00e9sente un danger pour les travailleurs. Pour cela, des cibles sont plac\u00e9es dans la zone de travail, ce qui permet \u00e0 l&rsquo;appareil de se positionner dans l&rsquo;espace et d&rsquo;enregistrer les donn\u00e9es d\u00e9sir\u00e9es sous forme de nuages de points.<\/p>\n\n\n\n<p>Les cibles sont ensuite utilis\u00e9es pour former un r\u00e9seau de points de contr\u00f4le. Les donn\u00e9es recueillies peuvent alors \u00eatre mod\u00e9lis\u00e9es et export\u00e9es en vue de r\u00e9aliser des calculs volum\u00e9triques ou des travaux de conception.<\/p>\n<\/div>\n\n\n\n<div class=\"wp-block-column is-layout-flow wp-block-column-is-layout-flow\">\n<figure class=\"wp-block-image\"><img decoding=\"async\" src=\"https:\/\/servicestechniquessd.ca\/wp-content\/uploads\/2023\/08\/usine-1-edited-3.jpg\" alt=\"\"\/><\/figure>\n<\/div>\n<\/div>\n","protected":false},"excerpt":{"rendered":"<p>Le balayage 3D est une op\u00e9ration au cours de laquelle un appareil d&rsquo;imagerie capture et mod\u00e9lise l&rsquo;environnement d&rsquo;un milieu naturel ou d&rsquo;un projet existant. Le balayage 3D est fr\u00e9quemment utilis\u00e9 dans les situations o\u00f9 il est difficile d&rsquo;acc\u00e9der aux \u00e9l\u00e9ments \u00e0 mesurer ou lorsque cela pr\u00e9sente un danger pour les travailleurs. Pour cela, des cibles [&hellip;]<\/p>\n","protected":false},"author":1,"featured_media":0,"parent":0,"menu_order":0,"comment_status":"closed","ping_status":"closed","template":"page-templates\/page-full-width.php","meta":{"footnotes":""},"class_list":["post-121","page","type-page","status-publish","hentry"],"_links":{"self":[{"href":"https:\/\/servicestechniquessd.ca\/index.php?rest_route=\/wp\/v2\/pages\/121","targetHints":{"allow":["GET"]}}],"collection":[{"href":"https:\/\/servicestechniquessd.ca\/index.php?rest_route=\/wp\/v2\/pages"}],"about":[{"href":"https:\/\/servicestechniquessd.ca\/index.php?rest_route=\/wp\/v2\/types\/page"}],"author":[{"embeddable":true,"href":"https:\/\/servicestechniquessd.ca\/index.php?rest_route=\/wp\/v2\/users\/1"}],"replies":[{"embeddable":true,"href":"https:\/\/servicestechniquessd.ca\/index.php?rest_route=%2Fwp%2Fv2%2Fcomments&post=121"}],"version-history":[{"count":7,"href":"https:\/\/servicestechniquessd.ca\/index.php?rest_route=\/wp\/v2\/pages\/121\/revisions"}],"predecessor-version":[{"id":331,"href":"https:\/\/servicestechniquessd.ca\/index.php?rest_route=\/wp\/v2\/pages\/121\/revisions\/331"}],"wp:attachment":[{"href":"https:\/\/servicestechniquessd.ca\/index.php?rest_route=%2Fwp%2Fv2%2Fmedia&parent=121"}],"curies":[{"name":"wp","href":"https:\/\/api.w.org\/{rel}","templated":true}]}}