{"id":142,"date":"2023-03-16T11:32:15","date_gmt":"2023-03-16T15:32:15","guid":{"rendered":"https:\/\/gestiononline.ca\/?page_id=142"},"modified":"2023-03-16T15:41:54","modified_gmt":"2023-03-16T19:41:54","slug":"pour-nous-joindre","status":"publish","type":"page","link":"https:\/\/servicestechniquessd.ca\/?page_id=142","title":{"rendered":"Pour nous joindre"},"content":{"rendered":"\n<div class=\"wp-block-columns is-layout-flex wp-container-core-columns-is-layout-9d6595d7 wp-block-columns-is-layout-flex\">\n<div class=\"wp-block-column is-layout-flow wp-block-column-is-layout-flow\" style=\"flex-basis:50%\">\n<p><strong>Notre \u00e9quipe d&rsquo;experts peut analyser&nbsp;votre projet en fonction de vos besoins. Pour obtenir une soumission, envoyez une demande \u00e0 un de nos repr\u00e9sentants&nbsp;nous vous contacterons dans les plus brefs d\u00e9lais.<\/strong><\/p>\n\n\n\n<p class=\"has-medium-font-size\"><strong>Succursale &#8211; Saguenay &#8211; Lac-Saint-Jean<\/strong><\/p>\n\n\n\n<p>295, Routes 172, St-Ambroise<\/p>\n\n\n\n<p>(Qu\u00e9bec) G7P 2N5<\/p>\n\n\n\n<p>T\u00e9l.\u00a0: (<a href=\"tel:4186721802\" data-type=\"tel\" data-id=\"tel:4186721802\">418)\u00a0672-1802<\/a><\/p>\n\n\n\n<p><\/p>\n\n\n\n<p>T\u00e9l\u00e9c.\u00a0: 418\u00a0672-1856\u00a0\u00a0<\/p>\n\n\n\n<p class=\"has-medium-font-size\"><strong>Succursale \u2013 C\u00f4te-Nord<\/strong><\/p>\n\n\n\n<p>51 bureau 7, boul. Comeau<\/p>\n\n\n\n<p>Baie-Comeau (Qu\u00e9bec) G4Z 3A7<\/p>\n\n\n\n<p>T\u00e9l.\u00a0: <a href=\"tel:4182961602\" data-type=\"tel\" data-id=\"tel:4182961602\">(418)\u00a0296-1602<\/a><\/p>\n\n\n\n<p>T\u00e9l\u00e9c.\u00a0: (418)\u00a0672-1856\u00a0\u00a0<\/p>\n\n\n\n<p><\/p>\n\n\n\n<p>Courriel :\u00a0<a href=\"mailto:info@servicestechniquessd.ca\">info@servicestechniquessd.ca<\/a><\/p>\n\n\n\n<p><strong>Steeve Ducasse, pr\u00e9sident \u00a0 <\/strong>\u00a0<\/p>\n\n\n\n<p><strong>Cell. <\/strong>: <a href=\"tel:418956-0160\" data-type=\"tel\" data-id=\"tel:418956-0160\">(418) 956-0160<\/a><\/p>\n\n\n\n<p><a href=\"mailto:sducasse@servicestechniquessd.ca\">sducasse@servicestechniquessd.ca<\/a><\/p>\n\n\n\n<p><strong>Fr\u00e9d\u00e9ric Brassard, chef calculateur <\/strong><\/p>\n\n\n\n<p><a href=\"mailto:fbrassard@servicestechniquessd.ca\">fbrassard@servicestechniquessd.ca<\/a><\/p>\n\n\n\n<p><\/p>\n\n\n\n<p><\/p>\n<\/div>\n\n\n\n<div class=\"wp-block-column has-large-font-size is-layout-flow wp-block-column-is-layout-flow\" style=\"flex-basis:50%\">\n<iframe src=\"https:\/\/www.google.com\/maps\/embed?pb=!1m18!1m12!1m3!1d2641.4865813659353!2d-71.31109848416772!3d48.543070230810216!2m3!1f0!2f0!3f0!3m2!1i1024!2i768!4f13.1!3m3!1m2!1s0x4cea80a3a08321b7%3A0xcade920ca7972965!2sServices%20Techniques%20SD!5e0!3m2!1sfr!2sus!4v1678992975387!5m2!1sfr!2sus\" width=\"600\" height=\"450\" style=\"border:0;\" allowfullscreen=\"\" loading=\"lazy\" referrerpolicy=\"no-referrer-when-downgrade\"><\/iframe>\n\n\n\n<p class=\"has-medium-font-size\"><a rel=\"noreferrer noopener\" href=\"https:\/\/goo.gl\/maps\/n71c1XvFFgesWbVY9\" data-type=\"URL\" data-id=\"https:\/\/goo.gl\/maps\/n71c1XvFFgesWbVY9\" target=\"_blank\">Itin\u00e9raire<\/a><\/p>\n<\/div>\n<\/div>\n","protected":false},"excerpt":{"rendered":"<p>Notre \u00e9quipe d&rsquo;experts peut analyser&nbsp;votre projet en fonction de vos besoins. Pour obtenir une soumission, envoyez une demande \u00e0 un de nos repr\u00e9sentants&nbsp;nous vous contacterons dans les plus brefs d\u00e9lais. Succursale &#8211; Saguenay &#8211; Lac-Saint-Jean 295, Routes 172, St-Ambroise (Qu\u00e9bec) G7P 2N5 T\u00e9l.\u00a0: (418)\u00a0672-1802 T\u00e9l\u00e9c.\u00a0: 418\u00a0672-1856\u00a0\u00a0 Succursale \u2013 C\u00f4te-Nord 51 bureau 7, boul. Comeau Baie-Comeau [&hellip;]<\/p>\n","protected":false},"author":1,"featured_media":0,"parent":0,"menu_order":0,"comment_status":"closed","ping_status":"closed","template":"page-templates\/page-full-width.php","meta":{"footnotes":""},"class_list":["post-142","page","type-page","status-publish","hentry"],"_links":{"self":[{"href":"https:\/\/servicestechniquessd.ca\/index.php?rest_route=\/wp\/v2\/pages\/142","targetHints":{"allow":["GET"]}}],"collection":[{"href":"https:\/\/servicestechniquessd.ca\/index.php?rest_route=\/wp\/v2\/pages"}],"about":[{"href":"https:\/\/servicestechniquessd.ca\/index.php?rest_route=\/wp\/v2\/types\/page"}],"author":[{"embeddable":true,"href":"https:\/\/servicestechniquessd.ca\/index.php?rest_route=\/wp\/v2\/users\/1"}],"replies":[{"embeddable":true,"href":"https:\/\/servicestechniquessd.ca\/index.php?rest_route=%2Fwp%2Fv2%2Fcomments&post=142"}],"version-history":[{"count":17,"href":"https:\/\/servicestechniquessd.ca\/index.php?rest_route=\/wp\/v2\/pages\/142\/revisions"}],"predecessor-version":[{"id":164,"href":"https:\/\/servicestechniquessd.ca\/index.php?rest_route=\/wp\/v2\/pages\/142\/revisions\/164"}],"wp:attachment":[{"href":"https:\/\/servicestechniquessd.ca\/index.php?rest_route=%2Fwp%2Fv2%2Fmedia&parent=142"}],"curies":[{"name":"wp","href":"https:\/\/api.w.org\/{rel}","templated":true}]}}