{"id":170,"date":"2023-03-17T09:24:02","date_gmt":"2023-03-17T13:24:02","guid":{"rendered":"https:\/\/gestiononline.ca\/?page_id=170"},"modified":"2023-03-17T11:11:40","modified_gmt":"2023-03-17T15:11:40","slug":"services","status":"publish","type":"page","link":"https:\/\/servicestechniquessd.ca\/?page_id=170","title":{"rendered":"Services"},"content":{"rendered":"\nNous offrons un service adapt\u00e9 \u00e0 vos besoins et selon vos attentes\n\n<ul class=\"dt_list_style dt_list_style--one dt-mt-4 wow fadeInUp\" data-wow-duration=\"1500ms\"><li><a href=\"\/?page_id=77\" style=\"color: black\">Arpentage de construction<\/a><\/li><li><a href=\"\/?page_id=121\" style=\"color: black\">Balayage 3D<\/a><\/li><li><a href=\"\/?page_id=180\" style=\"color: black\"><span>Calculs de Quantit\u00e9s<\/span><\/a><\/li><li><a href=\"\/?page_id=188\" style=\"color: black\"><span>R\u00e9alisation de bathym\u00e9trie<\/span><\/a><\/li><li><a href=\"\/?page_id=184\" style=\"color: black\"><span>Relev\u00e9s topographiques<\/span><\/a><\/li><li><a href=\"\/?page_id=196\" style=\"color: black\"><span>Services conseils<\/span><\/a><\/li><li><a href=\"\/?page_id=115\" style=\"color: black\">Service r\u00e9alis\u00e9 par drones<\/a><\/li><li><a href=\"\/?page_id=205\" style=\"color: black\"><span>Service cl\u00e9 en main<\/span><\/a><\/li><li><a href=\"\/?page_id=200\" style=\"color: black\"><span>Surveillance de chantier<\/span><\/a><\/li><li><a href=\"\/?page_id=209\" style=\"color: black\"><span>T\u00e9l\u00e9guidage<\/span><\/a><\/li><\/ul><div class=\"btn-box dt-mt-5 wow fadeInUp\" data-wow-duration=\"1500ms\"><a href=\"\/?page_id=142\" class=\"dt-btn dt-btn-primary\"> <span class=\"dt-btn-text\" data-text=\"Pour nous joindre\">Pour nous joindre<\/span> <\/a><\/div>\n","protected":false},"excerpt":{"rendered":"<p>Nous offrons un service adapt\u00e9 \u00e0 vos besoins et selon vos attentes Arpentage de construction Balayage 3D Calculs de Quantit\u00e9s R\u00e9alisation de bathym\u00e9trie Relev\u00e9s topographiques Services conseils Service r\u00e9alis\u00e9 par drones Service cl\u00e9 en main Surveillance de chantier T\u00e9l\u00e9guidage Pour nous joindre<\/p>\n","protected":false},"author":1,"featured_media":0,"parent":0,"menu_order":0,"comment_status":"closed","ping_status":"closed","template":"page-templates\/page-full-width.php","meta":{"footnotes":""},"class_list":["post-170","page","type-page","status-publish","hentry"],"_links":{"self":[{"href":"https:\/\/servicestechniquessd.ca\/index.php?rest_route=\/wp\/v2\/pages\/170","targetHints":{"allow":["GET"]}}],"collection":[{"href":"https:\/\/servicestechniquessd.ca\/index.php?rest_route=\/wp\/v2\/pages"}],"about":[{"href":"https:\/\/servicestechniquessd.ca\/index.php?rest_route=\/wp\/v2\/types\/page"}],"author":[{"embeddable":true,"href":"https:\/\/servicestechniquessd.ca\/index.php?rest_route=\/wp\/v2\/users\/1"}],"replies":[{"embeddable":true,"href":"https:\/\/servicestechniquessd.ca\/index.php?rest_route=%2Fwp%2Fv2%2Fcomments&post=170"}],"version-history":[{"count":3,"href":"https:\/\/servicestechniquessd.ca\/index.php?rest_route=\/wp\/v2\/pages\/170\/revisions"}],"predecessor-version":[{"id":220,"href":"https:\/\/servicestechniquessd.ca\/index.php?rest_route=\/wp\/v2\/pages\/170\/revisions\/220"}],"wp:attachment":[{"href":"https:\/\/servicestechniquessd.ca\/index.php?rest_route=%2Fwp%2Fv2%2Fmedia&parent=170"}],"curies":[{"name":"wp","href":"https:\/\/api.w.org\/{rel}","templated":true}]}}