{"id":180,"date":"2023-03-17T09:59:04","date_gmt":"2023-03-17T13:59:04","guid":{"rendered":"https:\/\/gestiononline.ca\/?page_id=180"},"modified":"2023-08-03T16:14:30","modified_gmt":"2023-08-03T20:14:30","slug":"calculs-de-quantites","status":"publish","type":"page","link":"https:\/\/servicestechniquessd.ca\/?page_id=180","title":{"rendered":"Calculs de Quantit\u00e9s"},"content":{"rendered":"\n<div class=\"wp-block-columns is-layout-flex wp-container-core-columns-is-layout-9d6595d7 wp-block-columns-is-layout-flex\">\n<div class=\"wp-block-column is-layout-flow wp-block-column-is-layout-flow\">\n<p>Le calcul des quantit\u00e9s sur un projet, peu importe son envergure, est primordial. C&rsquo;est dans cette optique que nos techniciens, qui soutiennent ce d\u00e9partement, vous offriront un service d&rsquo;une qualit\u00e9 \u00e0 la hauteur de vos attentes.<\/p>\n\n\n\n<ul class=\"wp-block-list\">\n<li>Calcul de quantit\u00e9 pour les d\u00e9comptes mensuels<\/li>\n\n\n\n<li>Calcul de quantit\u00e9 pour la r\u00e9alisation de vos soumissions<\/li>\n\n\n\n<li>Cr\u00e9ation de donn\u00e9es pour vos arpenteurs<\/li>\n\n\n\n<li>Cr\u00e9ation de donn\u00e9es pour le t\u00e9l\u00e9guidage de machinerie lourde<\/li>\n\n\n\n<li>Mise en plan selon vos besoins<\/li>\n<\/ul>\n<\/div>\n\n\n\n<div class=\"wp-block-column is-layout-flow wp-block-column-is-layout-flow\">\n<figure class=\"wp-block-image size-large\"><img fetchpriority=\"high\" decoding=\"async\" width=\"612\" height=\"1024\" src=\"https:\/\/servicestechniquessd.ca\/wp-content\/uploads\/2023\/03\/IMAG0138-612x1024.jpg\" alt=\"\" class=\"wp-image-181\" srcset=\"https:\/\/servicestechniquessd.ca\/wp-content\/uploads\/2023\/03\/IMAG0138-612x1024.jpg 612w, https:\/\/servicestechniquessd.ca\/wp-content\/uploads\/2023\/03\/IMAG0138-179x300.jpg 179w, https:\/\/servicestechniquessd.ca\/wp-content\/uploads\/2023\/03\/IMAG0138-768x1284.jpg 768w, https:\/\/servicestechniquessd.ca\/wp-content\/uploads\/2023\/03\/IMAG0138-919x1536.jpg 919w, https:\/\/servicestechniquessd.ca\/wp-content\/uploads\/2023\/03\/IMAG0138-1225x2048.jpg 1225w, https:\/\/servicestechniquessd.ca\/wp-content\/uploads\/2023\/03\/IMAG0138-scaled.jpg 1531w\" sizes=\"(max-width: 612px) 100vw, 612px\" \/><\/figure>\n<\/div>\n<\/div>\n","protected":false},"excerpt":{"rendered":"<p>Le calcul des quantit\u00e9s sur un projet, peu importe son envergure, est primordial. C&rsquo;est dans cette optique que nos techniciens, qui soutiennent ce d\u00e9partement, vous offriront un service d&rsquo;une qualit\u00e9 \u00e0 la hauteur de vos attentes.<\/p>\n","protected":false},"author":1,"featured_media":0,"parent":0,"menu_order":0,"comment_status":"closed","ping_status":"closed","template":"page-templates\/page-full-width.php","meta":{"footnotes":""},"class_list":["post-180","page","type-page","status-publish","hentry"],"_links":{"self":[{"href":"https:\/\/servicestechniquessd.ca\/index.php?rest_route=\/wp\/v2\/pages\/180","targetHints":{"allow":["GET"]}}],"collection":[{"href":"https:\/\/servicestechniquessd.ca\/index.php?rest_route=\/wp\/v2\/pages"}],"about":[{"href":"https:\/\/servicestechniquessd.ca\/index.php?rest_route=\/wp\/v2\/types\/page"}],"author":[{"embeddable":true,"href":"https:\/\/servicestechniquessd.ca\/index.php?rest_route=\/wp\/v2\/users\/1"}],"replies":[{"embeddable":true,"href":"https:\/\/servicestechniquessd.ca\/index.php?rest_route=%2Fwp%2Fv2%2Fcomments&post=180"}],"version-history":[{"count":2,"href":"https:\/\/servicestechniquessd.ca\/index.php?rest_route=\/wp\/v2\/pages\/180\/revisions"}],"predecessor-version":[{"id":319,"href":"https:\/\/servicestechniquessd.ca\/index.php?rest_route=\/wp\/v2\/pages\/180\/revisions\/319"}],"wp:attachment":[{"href":"https:\/\/servicestechniquessd.ca\/index.php?rest_route=%2Fwp%2Fv2%2Fmedia&parent=180"}],"curies":[{"name":"wp","href":"https:\/\/api.w.org\/{rel}","templated":true}]}}