{"id":184,"date":"2023-03-17T10:06:02","date_gmt":"2023-03-17T14:06:02","guid":{"rendered":"https:\/\/gestiononline.ca\/?page_id=184"},"modified":"2023-08-04T07:29:21","modified_gmt":"2023-08-04T11:29:21","slug":"releves-topographiques","status":"publish","type":"page","link":"https:\/\/servicestechniquessd.ca\/?page_id=184","title":{"rendered":"Relev\u00e9s topographiques"},"content":{"rendered":"\n<div class=\"wp-block-columns is-layout-flex wp-container-core-columns-is-layout-9d6595d7 wp-block-columns-is-layout-flex\">\n<div class=\"wp-block-column is-layout-flow wp-block-column-is-layout-flow\">\n<p>Services Techniques SD dispose de plusieurs \u00e9quipes d&rsquo;arpenteurs aux quatre coins du Qu\u00e9bec pour r\u00e9pondre \u00e0 vos besoins tels que:<\/p>\n\n\n\n<ul class=\"wp-block-list\">\n<li>Relev\u00e9s de carri\u00e8res<\/li>\n\n\n\n<li>Relev\u00e9s pr\u00e9liminaires<\/li>\n\n\n\n<li>Relev\u00e9s pour fins de volum\u00e9trie<\/li>\n\n\n\n<li>Relev\u00e9s de \u00a0\u00bbtel que construit\u00a0\u00bb<\/li>\n\n\n\n<li>Relev\u00e9s par scanneur 3D<\/li>\n\n\n\n<li>Relev\u00e9s par drone<\/li>\n\n\n\n<li>Bathym\u00e9trie<\/li>\n<\/ul>\n<\/div>\n\n\n\n<div class=\"wp-block-column is-layout-flow wp-block-column-is-layout-flow\">\n<figure class=\"wp-block-image size-large is-resized\"><img fetchpriority=\"high\" decoding=\"async\" src=\"https:\/\/servicestechniquessd.ca\/wp-content\/uploads\/2023\/07\/Relevetopo-1024x1024.jpg\" alt=\"\" class=\"wp-image-265\" width=\"594\" height=\"594\" srcset=\"https:\/\/servicestechniquessd.ca\/wp-content\/uploads\/2023\/07\/Relevetopo-1024x1024.jpg 1024w, https:\/\/servicestechniquessd.ca\/wp-content\/uploads\/2023\/07\/Relevetopo-300x300.jpg 300w, https:\/\/servicestechniquessd.ca\/wp-content\/uploads\/2023\/07\/Relevetopo-150x150.jpg 150w, https:\/\/servicestechniquessd.ca\/wp-content\/uploads\/2023\/07\/Relevetopo-768x768.jpg 768w, https:\/\/servicestechniquessd.ca\/wp-content\/uploads\/2023\/07\/Relevetopo-1536x1536.jpg 1536w, https:\/\/servicestechniquessd.ca\/wp-content\/uploads\/2023\/07\/Relevetopo-2048x2048.jpg 2048w\" sizes=\"(max-width: 594px) 100vw, 594px\" \/><\/figure>\n<\/div>\n<\/div>\n","protected":false},"excerpt":{"rendered":"<p>Services Techniques SD dispose de plusieurs \u00e9quipes d&rsquo;arpenteurs aux quatre coins du Qu\u00e9bec pour r\u00e9pondre \u00e0 vos besoins tels que:<\/p>\n","protected":false},"author":1,"featured_media":0,"parent":0,"menu_order":0,"comment_status":"closed","ping_status":"closed","template":"page-templates\/page-full-width.php","meta":{"footnotes":""},"class_list":["post-184","page","type-page","status-publish","hentry"],"_links":{"self":[{"href":"https:\/\/servicestechniquessd.ca\/index.php?rest_route=\/wp\/v2\/pages\/184","targetHints":{"allow":["GET"]}}],"collection":[{"href":"https:\/\/servicestechniquessd.ca\/index.php?rest_route=\/wp\/v2\/pages"}],"about":[{"href":"https:\/\/servicestechniquessd.ca\/index.php?rest_route=\/wp\/v2\/types\/page"}],"author":[{"embeddable":true,"href":"https:\/\/servicestechniquessd.ca\/index.php?rest_route=\/wp\/v2\/users\/1"}],"replies":[{"embeddable":true,"href":"https:\/\/servicestechniquessd.ca\/index.php?rest_route=%2Fwp%2Fv2%2Fcomments&post=184"}],"version-history":[{"count":4,"href":"https:\/\/servicestechniquessd.ca\/index.php?rest_route=\/wp\/v2\/pages\/184\/revisions"}],"predecessor-version":[{"id":320,"href":"https:\/\/servicestechniquessd.ca\/index.php?rest_route=\/wp\/v2\/pages\/184\/revisions\/320"}],"wp:attachment":[{"href":"https:\/\/servicestechniquessd.ca\/index.php?rest_route=%2Fwp%2Fv2%2Fmedia&parent=184"}],"curies":[{"name":"wp","href":"https:\/\/api.w.org\/{rel}","templated":true}]}}