{"id":188,"date":"2023-03-17T10:20:13","date_gmt":"2023-03-17T14:20:13","guid":{"rendered":"https:\/\/gestiononline.ca\/?page_id=188"},"modified":"2023-03-17T10:59:08","modified_gmt":"2023-03-17T14:59:08","slug":"service-de-bathymetrie","status":"publish","type":"page","link":"https:\/\/servicestechniquessd.ca\/?page_id=188","title":{"rendered":"Service de bathym\u00e9trie"},"content":{"rendered":"\n<div class=\"wp-block-columns is-layout-flex wp-container-core-columns-is-layout-9d6595d7 wp-block-columns-is-layout-flex\">\n<div class=\"wp-block-column is-layout-flow wp-block-column-is-layout-flow\">\n<p>Services Techniques SD met \u00e0 votre disposition son expertise pour la r\u00e9alisation de bathym\u00e9trie. Nous disposons d&rsquo;\u00e9quipes d&rsquo;arpenteurs capables de relever les fonds marins de rivi\u00e8res, de lacs et de ports maritimes dans l&rsquo;ensemble de la province.<\/p>\n\n\n\n<p>Ainsi, nous sommes en mesure de vous fournir toutes les informations topographiques n\u00e9cessaires pour \u00e9valuer les reliefs marins. Ce service est offert dans le but de suivre les op\u00e9rations de dragage, de planifier les travaux futurs ou encore d&rsquo;analyser les mouvements des fonds marins. Pour ce faire, nous utilisons un syst\u00e8me GPS reli\u00e9 \u00e0 un appareil de mesure fix\u00e9 sur une embarcation.<\/p>\n<\/div>\n\n\n\n<div class=\"wp-block-column is-layout-flow wp-block-column-is-layout-flow\">\n<figure class=\"wp-block-image size-full is-resized\"><img fetchpriority=\"high\" decoding=\"async\" src=\"https:\/\/gestiononline.ca\/wp-content\/uploads\/2023\/03\/10277562_10203294863706597_4286742174168798915_n-1.jpg\" alt=\"\" class=\"wp-image-189\" width=\"720\" height=\"477\" srcset=\"https:\/\/servicestechniquessd.ca\/wp-content\/uploads\/2023\/03\/10277562_10203294863706597_4286742174168798915_n-1.jpg 960w, https:\/\/servicestechniquessd.ca\/wp-content\/uploads\/2023\/03\/10277562_10203294863706597_4286742174168798915_n-1-300x199.jpg 300w, https:\/\/servicestechniquessd.ca\/wp-content\/uploads\/2023\/03\/10277562_10203294863706597_4286742174168798915_n-1-768x509.jpg 768w\" sizes=\"(max-width: 720px) 100vw, 720px\" \/><\/figure>\n<\/div>\n<\/div>\n","protected":false},"excerpt":{"rendered":"<p>Services Techniques SD met \u00e0 votre disposition son expertise pour la r\u00e9alisation de bathym\u00e9trie. Nous disposons d&rsquo;\u00e9quipes d&rsquo;arpenteurs capables de relever les fonds marins de rivi\u00e8res, de lacs et de ports maritimes dans l&rsquo;ensemble de la province. Ainsi, nous sommes en mesure de vous fournir toutes les informations topographiques n\u00e9cessaires pour \u00e9valuer les reliefs marins. [&hellip;]<\/p>\n","protected":false},"author":1,"featured_media":0,"parent":0,"menu_order":0,"comment_status":"closed","ping_status":"closed","template":"page-templates\/page-full-width.php","meta":{"footnotes":""},"class_list":["post-188","page","type-page","status-publish","hentry"],"_links":{"self":[{"href":"https:\/\/servicestechniquessd.ca\/index.php?rest_route=\/wp\/v2\/pages\/188","targetHints":{"allow":["GET"]}}],"collection":[{"href":"https:\/\/servicestechniquessd.ca\/index.php?rest_route=\/wp\/v2\/pages"}],"about":[{"href":"https:\/\/servicestechniquessd.ca\/index.php?rest_route=\/wp\/v2\/types\/page"}],"author":[{"embeddable":true,"href":"https:\/\/servicestechniquessd.ca\/index.php?rest_route=\/wp\/v2\/users\/1"}],"replies":[{"embeddable":true,"href":"https:\/\/servicestechniquessd.ca\/index.php?rest_route=%2Fwp%2Fv2%2Fcomments&post=188"}],"version-history":[{"count":2,"href":"https:\/\/servicestechniquessd.ca\/index.php?rest_route=\/wp\/v2\/pages\/188\/revisions"}],"predecessor-version":[{"id":214,"href":"https:\/\/servicestechniquessd.ca\/index.php?rest_route=\/wp\/v2\/pages\/188\/revisions\/214"}],"wp:attachment":[{"href":"https:\/\/servicestechniquessd.ca\/index.php?rest_route=%2Fwp%2Fv2%2Fmedia&parent=188"}],"curies":[{"name":"wp","href":"https:\/\/api.w.org\/{rel}","templated":true}]}}