{"id":196,"date":"2023-03-17T10:29:01","date_gmt":"2023-03-17T14:29:01","guid":{"rendered":"https:\/\/gestiononline.ca\/?page_id=196"},"modified":"2023-03-17T11:07:38","modified_gmt":"2023-03-17T15:07:38","slug":"services-conseils","status":"publish","type":"page","link":"https:\/\/servicestechniquessd.ca\/?page_id=196","title":{"rendered":"Services conseils"},"content":{"rendered":"\n<div class=\"wp-block-columns is-layout-flex wp-container-core-columns-is-layout-9d6595d7 wp-block-columns-is-layout-flex\">\n<div class=\"wp-block-column is-layout-flow wp-block-column-is-layout-flow\">\n<p>Chez Services Techniques SD, nous offrons un service de conseils sur mesure pour vous aider \u00e0 maximiser la r\u00e9ussite de vos projets. Que vous ayez besoin d&rsquo;une surveillance de chantier, d&rsquo;une gestion de projet, d&rsquo;un arpentage minier ou d&rsquo;un service de d\u00e9signation pour prospection mini\u00e8re, notre \u00e9quipe de conseillers exp\u00e9riment\u00e9s est l\u00e0 pour vous accompagner \u00e0 chaque \u00e9tape du processus. Nous sommes engag\u00e9s \u00e0 fournir des conseils de qualit\u00e9, des solutions pratiques et des r\u00e9sultats tangibles pour vous aider \u00e0 atteindre vos objectifs. Contactez-nous d\u00e8s maintenant pour discuter de vos besoins en mati\u00e8re de conseils.<\/p>\n\n\n\n<div class=\"btn-box dt-mt-5 wow fadeInUp\" data-wow-duration=\"1500ms\"><a href=\"\/?page_id=142\" class=\"dt-btn dt-btn-primary\"> <span class=\"dt-btn-text\" data-text=\"Pour nous joindre\">Pour nous joindre<\/span> <\/a><\/div>\n\n\n\n<p><\/p>\n\n\n\n<p><\/p>\n<\/div>\n\n\n\n<div class=\"wp-block-column is-layout-flow wp-block-column-is-layout-flow\">\n<figure class=\"wp-block-image size-full\"><img fetchpriority=\"high\" decoding=\"async\" width=\"720\" height=\"960\" src=\"https:\/\/gestiononline.ca\/wp-content\/uploads\/2023\/03\/1380090_10201523315979011_1860799843_n-1.jpg\" alt=\"\" class=\"wp-image-197\" srcset=\"https:\/\/servicestechniquessd.ca\/wp-content\/uploads\/2023\/03\/1380090_10201523315979011_1860799843_n-1.jpg 720w, https:\/\/servicestechniquessd.ca\/wp-content\/uploads\/2023\/03\/1380090_10201523315979011_1860799843_n-1-225x300.jpg 225w\" sizes=\"(max-width: 720px) 100vw, 720px\" \/><\/figure>\n<\/div>\n<\/div>\n","protected":false},"excerpt":{"rendered":"<p>Chez Services Techniques SD, nous offrons un service de conseils sur mesure pour vous aider \u00e0 maximiser la r\u00e9ussite de vos projets. Que vous ayez besoin d&rsquo;une surveillance de chantier, d&rsquo;une gestion de projet, d&rsquo;un arpentage minier ou d&rsquo;un service de d\u00e9signation pour prospection mini\u00e8re, notre \u00e9quipe de conseillers exp\u00e9riment\u00e9s est l\u00e0 pour vous accompagner [&hellip;]<\/p>\n","protected":false},"author":1,"featured_media":0,"parent":0,"menu_order":0,"comment_status":"closed","ping_status":"closed","template":"page-templates\/page-full-width.php","meta":{"footnotes":""},"class_list":["post-196","page","type-page","status-publish","hentry"],"_links":{"self":[{"href":"https:\/\/servicestechniquessd.ca\/index.php?rest_route=\/wp\/v2\/pages\/196","targetHints":{"allow":["GET"]}}],"collection":[{"href":"https:\/\/servicestechniquessd.ca\/index.php?rest_route=\/wp\/v2\/pages"}],"about":[{"href":"https:\/\/servicestechniquessd.ca\/index.php?rest_route=\/wp\/v2\/types\/page"}],"author":[{"embeddable":true,"href":"https:\/\/servicestechniquessd.ca\/index.php?rest_route=\/wp\/v2\/users\/1"}],"replies":[{"embeddable":true,"href":"https:\/\/servicestechniquessd.ca\/index.php?rest_route=%2Fwp%2Fv2%2Fcomments&post=196"}],"version-history":[{"count":3,"href":"https:\/\/servicestechniquessd.ca\/index.php?rest_route=\/wp\/v2\/pages\/196\/revisions"}],"predecessor-version":[{"id":218,"href":"https:\/\/servicestechniquessd.ca\/index.php?rest_route=\/wp\/v2\/pages\/196\/revisions\/218"}],"wp:attachment":[{"href":"https:\/\/servicestechniquessd.ca\/index.php?rest_route=%2Fwp%2Fv2%2Fmedia&parent=196"}],"curies":[{"name":"wp","href":"https:\/\/api.w.org\/{rel}","templated":true}]}}