{"id":200,"date":"2023-03-17T10:35:28","date_gmt":"2023-03-17T14:35:28","guid":{"rendered":"https:\/\/gestiononline.ca\/?page_id=200"},"modified":"2023-08-04T07:33:04","modified_gmt":"2023-08-04T11:33:04","slug":"surveillance-de-chantier","status":"publish","type":"page","link":"https:\/\/servicestechniquessd.ca\/?page_id=200","title":{"rendered":"Surveillance de chantier"},"content":{"rendered":"\n<div class=\"wp-block-columns is-layout-flex wp-container-core-columns-is-layout-9d6595d7 wp-block-columns-is-layout-flex\">\n<div class=\"wp-block-column is-layout-flow wp-block-column-is-layout-flow\">\n<p>Comme Services Techniques SD poss\u00e8de une solide expertise dans le domaine de la construction, nous offrons \u00e0 nos clients un service personnalis\u00e9 de surveillance de chantier afin d&rsquo;optimiser le contr\u00f4le de la qualit\u00e9 des travaux.<\/p>\n\n\n\n<p>Nos techniciens d&rsquo;exp\u00e9rience interviendront \u00e0 titre de repr\u00e9sentants du client et veilleront \u00e0 la conformit\u00e9 de l&rsquo;ex\u00e9cution des travaux selon les normes et exigences requises. De plus, ils assureront un suivi rigoureux des quantit\u00e9s, garantiront le respect des \u00e9ch\u00e9anciers en coordonnant chacune des \u00e9tapes de r\u00e9alisation avec les intervenants concern\u00e9s.<\/p>\n<\/div>\n\n\n\n<div class=\"wp-block-column is-layout-flow wp-block-column-is-layout-flow\">\n<figure class=\"wp-block-image size-full\"><img fetchpriority=\"high\" decoding=\"async\" width=\"720\" height=\"960\" src=\"https:\/\/servicestechniquessd.ca\/wp-content\/uploads\/2023\/03\/10247272_10203994066026218_5642458175457623128_n.jpg\" alt=\"\" class=\"wp-image-201\" srcset=\"https:\/\/servicestechniquessd.ca\/wp-content\/uploads\/2023\/03\/10247272_10203994066026218_5642458175457623128_n.jpg 720w, https:\/\/servicestechniquessd.ca\/wp-content\/uploads\/2023\/03\/10247272_10203994066026218_5642458175457623128_n-225x300.jpg 225w\" sizes=\"(max-width: 720px) 100vw, 720px\" \/><\/figure>\n<\/div>\n<\/div>\n","protected":false},"excerpt":{"rendered":"<p>Comme Services Techniques SD poss\u00e8de une solide expertise dans le domaine de la construction, nous offrons \u00e0 nos clients un service personnalis\u00e9 de surveillance de chantier afin d&rsquo;optimiser le contr\u00f4le de la qualit\u00e9 des travaux. Nos techniciens d&rsquo;exp\u00e9rience interviendront \u00e0 titre de repr\u00e9sentants du client et veilleront \u00e0 la conformit\u00e9 de l&rsquo;ex\u00e9cution des travaux selon [&hellip;]<\/p>\n","protected":false},"author":1,"featured_media":0,"parent":0,"menu_order":0,"comment_status":"closed","ping_status":"closed","template":"page-templates\/page-full-width.php","meta":{"footnotes":""},"class_list":["post-200","page","type-page","status-publish","hentry"],"_links":{"self":[{"href":"https:\/\/servicestechniquessd.ca\/index.php?rest_route=\/wp\/v2\/pages\/200","targetHints":{"allow":["GET"]}}],"collection":[{"href":"https:\/\/servicestechniquessd.ca\/index.php?rest_route=\/wp\/v2\/pages"}],"about":[{"href":"https:\/\/servicestechniquessd.ca\/index.php?rest_route=\/wp\/v2\/types\/page"}],"author":[{"embeddable":true,"href":"https:\/\/servicestechniquessd.ca\/index.php?rest_route=\/wp\/v2\/users\/1"}],"replies":[{"embeddable":true,"href":"https:\/\/servicestechniquessd.ca\/index.php?rest_route=%2Fwp%2Fv2%2Fcomments&post=200"}],"version-history":[{"count":3,"href":"https:\/\/servicestechniquessd.ca\/index.php?rest_route=\/wp\/v2\/pages\/200\/revisions"}],"predecessor-version":[{"id":323,"href":"https:\/\/servicestechniquessd.ca\/index.php?rest_route=\/wp\/v2\/pages\/200\/revisions\/323"}],"wp:attachment":[{"href":"https:\/\/servicestechniquessd.ca\/index.php?rest_route=%2Fwp%2Fv2%2Fmedia&parent=200"}],"curies":[{"name":"wp","href":"https:\/\/api.w.org\/{rel}","templated":true}]}}