{"id":205,"date":"2023-03-17T10:51:53","date_gmt":"2023-03-17T14:51:53","guid":{"rendered":"https:\/\/gestiononline.ca\/?page_id=205"},"modified":"2023-03-17T10:52:03","modified_gmt":"2023-03-17T14:52:03","slug":"service-cle-en-main","status":"publish","type":"page","link":"https:\/\/servicestechniquessd.ca\/?page_id=205","title":{"rendered":"Service cl\u00e9 en main"},"content":{"rendered":"\n<div class=\"wp-block-columns is-layout-flex wp-container-core-columns-is-layout-9d6595d7 wp-block-columns-is-layout-flex\">\n<div class=\"wp-block-column is-layout-flow wp-block-column-is-layout-flow\">\n<p>Services Techniques SD est en mesure de vous offrir un service cl\u00e9 en main pour la r\u00e9alisation compl\u00e8te de vos projets. En tant qu&rsquo;entrepreneur g\u00e9n\u00e9ral d\u00e9tenteur d&rsquo;une licence RBQ, nous pouvons vous fournir un service complet notamment :<\/p>\n\n\n\n<ul class=\"wp-block-list\">\n<li>l&rsquo;arpentage pr\u00e9liminaire des travaux<\/li>\n\n\n\n<li>l&rsquo;ing\u00e9nierie<\/li>\n\n\n\n<li>la mise en plan<\/li>\n\n\n\n<li>la construction<\/li>\n\n\n\n<li>l&rsquo;inspection pour assurer la qualit\u00e9 des travaux.<\/li>\n<\/ul>\n<\/div>\n\n\n\n<div class=\"wp-block-column is-layout-flow wp-block-column-is-layout-flow\">\n<figure class=\"wp-block-image size-large is-resized\"><img fetchpriority=\"high\" decoding=\"async\" src=\"https:\/\/gestiononline.ca\/wp-content\/uploads\/2023\/03\/IMG_0920-1024x768.jpg\" alt=\"\" class=\"wp-image-206\" width=\"768\" height=\"576\" srcset=\"https:\/\/servicestechniquessd.ca\/wp-content\/uploads\/2023\/03\/IMG_0920-1024x768.jpg 1024w, https:\/\/servicestechniquessd.ca\/wp-content\/uploads\/2023\/03\/IMG_0920-300x225.jpg 300w, https:\/\/servicestechniquessd.ca\/wp-content\/uploads\/2023\/03\/IMG_0920-768x576.jpg 768w, https:\/\/servicestechniquessd.ca\/wp-content\/uploads\/2023\/03\/IMG_0920-1536x1152.jpg 1536w, https:\/\/servicestechniquessd.ca\/wp-content\/uploads\/2023\/03\/IMG_0920-2048x1536.jpg 2048w\" sizes=\"(max-width: 768px) 100vw, 768px\" \/><\/figure>\n<\/div>\n<\/div>\n","protected":false},"excerpt":{"rendered":"<p>Services Techniques SD est en mesure de vous offrir un service cl\u00e9 en main pour la r\u00e9alisation compl\u00e8te de vos projets. En tant qu&rsquo;entrepreneur g\u00e9n\u00e9ral d\u00e9tenteur d&rsquo;une licence RBQ, nous pouvons vous fournir un service complet notamment :<\/p>\n","protected":false},"author":1,"featured_media":0,"parent":0,"menu_order":0,"comment_status":"closed","ping_status":"closed","template":"page-templates\/page-full-width.php","meta":{"footnotes":""},"class_list":["post-205","page","type-page","status-publish","hentry"],"_links":{"self":[{"href":"https:\/\/servicestechniquessd.ca\/index.php?rest_route=\/wp\/v2\/pages\/205","targetHints":{"allow":["GET"]}}],"collection":[{"href":"https:\/\/servicestechniquessd.ca\/index.php?rest_route=\/wp\/v2\/pages"}],"about":[{"href":"https:\/\/servicestechniquessd.ca\/index.php?rest_route=\/wp\/v2\/types\/page"}],"author":[{"embeddable":true,"href":"https:\/\/servicestechniquessd.ca\/index.php?rest_route=\/wp\/v2\/users\/1"}],"replies":[{"embeddable":true,"href":"https:\/\/servicestechniquessd.ca\/index.php?rest_route=%2Fwp%2Fv2%2Fcomments&post=205"}],"version-history":[{"count":1,"href":"https:\/\/servicestechniquessd.ca\/index.php?rest_route=\/wp\/v2\/pages\/205\/revisions"}],"predecessor-version":[{"id":207,"href":"https:\/\/servicestechniquessd.ca\/index.php?rest_route=\/wp\/v2\/pages\/205\/revisions\/207"}],"wp:attachment":[{"href":"https:\/\/servicestechniquessd.ca\/index.php?rest_route=%2Fwp%2Fv2%2Fmedia&parent=205"}],"curies":[{"name":"wp","href":"https:\/\/api.w.org\/{rel}","templated":true}]}}