{"id":209,"date":"2023-03-17T10:56:49","date_gmt":"2023-03-17T14:56:49","guid":{"rendered":"https:\/\/gestiononline.ca\/?page_id=209"},"modified":"2023-08-04T09:24:12","modified_gmt":"2023-08-04T13:24:12","slug":"teleguidage","status":"publish","type":"page","link":"https:\/\/servicestechniquessd.ca\/?page_id=209","title":{"rendered":"T\u00e9l\u00e9guidage"},"content":{"rendered":"\n<div class=\"wp-block-columns is-layout-flex wp-container-core-columns-is-layout-9d6595d7 wp-block-columns-is-layout-flex\">\n<div class=\"wp-block-column is-layout-flow wp-block-column-is-layout-flow\">\n<p>Depuis quelques ann\u00e9es, la technologie de t\u00e9l\u00e9guidage permet de r\u00e9duire les co\u00fbts pour la mise en place des d\u00e9blais et remblais de mat\u00e9riaux. Ce syst\u00e8me offre l&rsquo;opportunit\u00e9 d&rsquo;am\u00e9liorer l&rsquo;efficacit\u00e9 et la pr\u00e9cision des op\u00e9rations en utilisant les informations techniques du projet, que nous pouvons traiter pour votre machinerie. <\/p>\n\n\n\n<p>Services Techniques SD est en mesure de vous assister dans vos op\u00e9rations en pr\u00e9parant les fichiers de donn\u00e9es n\u00e9cessaires \u00e0 la mise en marche de vos \u00e9quipements.<\/p>\n<\/div>\n\n\n\n<div class=\"wp-block-column is-layout-flow wp-block-column-is-layout-flow\">\n<figure class=\"wp-block-image size-large is-resized\"><img fetchpriority=\"high\" decoding=\"async\" src=\"https:\/\/servicestechniquessd.ca\/wp-content\/uploads\/2023\/08\/Teleguidage2-768x1024.jpg\" alt=\"\" class=\"wp-image-312\" width=\"537\" height=\"716\" srcset=\"https:\/\/servicestechniquessd.ca\/wp-content\/uploads\/2023\/08\/Teleguidage2-768x1024.jpg 768w, https:\/\/servicestechniquessd.ca\/wp-content\/uploads\/2023\/08\/Teleguidage2-225x300.jpg 225w, https:\/\/servicestechniquessd.ca\/wp-content\/uploads\/2023\/08\/Teleguidage2-1152x1536.jpg 1152w, https:\/\/servicestechniquessd.ca\/wp-content\/uploads\/2023\/08\/Teleguidage2.jpg 1200w\" sizes=\"(max-width: 537px) 100vw, 537px\" \/><\/figure>\n<\/div>\n<\/div>\n","protected":false},"excerpt":{"rendered":"<p>Depuis quelques ann\u00e9es, la technologie de t\u00e9l\u00e9guidage permet de r\u00e9duire les co\u00fbts pour la mise en place des d\u00e9blais et remblais de mat\u00e9riaux. Ce syst\u00e8me offre l&rsquo;opportunit\u00e9 d&rsquo;am\u00e9liorer l&rsquo;efficacit\u00e9 et la pr\u00e9cision des op\u00e9rations en utilisant les informations techniques du projet, que nous pouvons traiter pour votre machinerie. Services Techniques SD est en mesure de [&hellip;]<\/p>\n","protected":false},"author":1,"featured_media":0,"parent":0,"menu_order":0,"comment_status":"closed","ping_status":"closed","template":"page-templates\/page-full-width.php","meta":{"footnotes":""},"class_list":["post-209","page","type-page","status-publish","hentry"],"_links":{"self":[{"href":"https:\/\/servicestechniquessd.ca\/index.php?rest_route=\/wp\/v2\/pages\/209","targetHints":{"allow":["GET"]}}],"collection":[{"href":"https:\/\/servicestechniquessd.ca\/index.php?rest_route=\/wp\/v2\/pages"}],"about":[{"href":"https:\/\/servicestechniquessd.ca\/index.php?rest_route=\/wp\/v2\/types\/page"}],"author":[{"embeddable":true,"href":"https:\/\/servicestechniquessd.ca\/index.php?rest_route=\/wp\/v2\/users\/1"}],"replies":[{"embeddable":true,"href":"https:\/\/servicestechniquessd.ca\/index.php?rest_route=%2Fwp%2Fv2%2Fcomments&post=209"}],"version-history":[{"count":5,"href":"https:\/\/servicestechniquessd.ca\/index.php?rest_route=\/wp\/v2\/pages\/209\/revisions"}],"predecessor-version":[{"id":337,"href":"https:\/\/servicestechniquessd.ca\/index.php?rest_route=\/wp\/v2\/pages\/209\/revisions\/337"}],"wp:attachment":[{"href":"https:\/\/servicestechniquessd.ca\/index.php?rest_route=%2Fwp%2Fv2%2Fmedia&parent=209"}],"curies":[{"name":"wp","href":"https:\/\/api.w.org\/{rel}","templated":true}]}}