{"id":339,"date":"2025-02-13T10:48:12","date_gmt":"2025-02-13T15:48:12","guid":{"rendered":"https:\/\/servicestechniquessd.ca\/?page_id=339"},"modified":"2025-02-13T10:53:44","modified_gmt":"2025-02-13T15:53:44","slug":"protection-des-renseignements-personnels-conformite-a-la-loi-25","status":"publish","type":"page","link":"https:\/\/servicestechniquessd.ca\/?page_id=339","title":{"rendered":"Loi 25"},"content":{"rendered":"\n<p class=\"has-medium-font-size\"><strong>Protection des renseignements personnels<\/strong><\/p>\n\n\n\n<p>Chez Services techniques SD, la protection de vos renseignements personnels est une priorit\u00e9. Conform\u00e9ment aux exigences de la Loi 25 du Qu\u00e9bec, nous avons mis en place des mesures pour assurer la confidentialit\u00e9, la s\u00e9curit\u00e9 et l\u2019utilisation responsable de vos donn\u00e9es.<\/p>\n\n\n\n<ul class=\"wp-block-list\">\n<li>Nous collectons uniquement les renseignements n\u00e9cessaires \u00e0 nos services.<\/li>\n\n\n\n<li>Vos donn\u00e9es sont trait\u00e9es avec soin et prot\u00e9g\u00e9es contre tout acc\u00e8s non autoris\u00e9.<\/li>\n\n\n\n<li>Vous avez le droit d\u2019acc\u00e9der \u00e0 vos informations personnelles, de les rectifier ou d\u2019en demander la suppression.<\/li>\n<\/ul>\n\n\n\n<p>Pour toute question ou demande li\u00e9e \u00e0 vos renseignements personnels, vous pouvez contacter notre responsable de la protection des renseignements personnels \u00e0 <a href=\"mailto:info@servicestechniquessd.ca\">info@servicestechniquessd.ca<\/a>.<\/p>\n","protected":false},"excerpt":{"rendered":"<p>Protection des renseignements personnels Chez Services techniques SD, la protection de vos renseignements personnels est une priorit\u00e9. Conform\u00e9ment aux exigences de la Loi 25 du Qu\u00e9bec, nous avons mis en place des mesures pour assurer la confidentialit\u00e9, la s\u00e9curit\u00e9 et l\u2019utilisation responsable de vos donn\u00e9es. Pour toute question ou demande li\u00e9e \u00e0 vos renseignements personnels, [&hellip;]<\/p>\n","protected":false},"author":1,"featured_media":0,"parent":0,"menu_order":0,"comment_status":"closed","ping_status":"closed","template":"page-templates\/page-full-width.php","meta":{"footnotes":""},"class_list":["post-339","page","type-page","status-publish","hentry"],"_links":{"self":[{"href":"https:\/\/servicestechniquessd.ca\/index.php?rest_route=\/wp\/v2\/pages\/339","targetHints":{"allow":["GET"]}}],"collection":[{"href":"https:\/\/servicestechniquessd.ca\/index.php?rest_route=\/wp\/v2\/pages"}],"about":[{"href":"https:\/\/servicestechniquessd.ca\/index.php?rest_route=\/wp\/v2\/types\/page"}],"author":[{"embeddable":true,"href":"https:\/\/servicestechniquessd.ca\/index.php?rest_route=\/wp\/v2\/users\/1"}],"replies":[{"embeddable":true,"href":"https:\/\/servicestechniquessd.ca\/index.php?rest_route=%2Fwp%2Fv2%2Fcomments&post=339"}],"version-history":[{"count":4,"href":"https:\/\/servicestechniquessd.ca\/index.php?rest_route=\/wp\/v2\/pages\/339\/revisions"}],"predecessor-version":[{"id":343,"href":"https:\/\/servicestechniquessd.ca\/index.php?rest_route=\/wp\/v2\/pages\/339\/revisions\/343"}],"wp:attachment":[{"href":"https:\/\/servicestechniquessd.ca\/index.php?rest_route=%2Fwp%2Fv2%2Fmedia&parent=339"}],"curies":[{"name":"wp","href":"https:\/\/api.w.org\/{rel}","templated":true}]}}