{"id":77,"date":"2023-03-15T14:13:24","date_gmt":"2023-03-15T18:13:24","guid":{"rendered":"https:\/\/gestiononline.ca\/?page_id=77"},"modified":"2023-08-04T09:09:32","modified_gmt":"2023-08-04T13:09:32","slug":"arpentage-de-construction","status":"publish","type":"page","link":"https:\/\/servicestechniquessd.ca\/?page_id=77","title":{"rendered":"Arpentage de construction"},"content":{"rendered":"\n<div class=\"wp-block-columns is-layout-flex wp-container-core-columns-is-layout-9d6595d7 wp-block-columns-is-layout-flex\">\n<div class=\"wp-block-column is-layout-flow wp-block-column-is-layout-flow\">\n<p>Nous poss\u00e9dons une vaste expertise dans plusieurs domaines, notamment :<\/p>\n\n\n\n<ul class=\"wp-block-list\">\n<li>Implantation<\/li>\n\n\n\n<li>Pont et viaduc<\/li>\n\n\n\n<li>\u00c9gout et d&rsquo;aqueduc<\/li>\n\n\n\n<li>Digue et de barrage<\/li>\n\n\n\n<li>Parc \u00e0 r\u00e9sidus minier<\/li>\n\n\n\n<li>Tunnel<\/li>\n\n\n\n<li>Programmation de t\u00e9l\u00e9guidage de machinerie lourde<\/li>\n\n\n\n<li>Ligne de transport haute-tension et de postes<\/li>\n<\/ul>\n\n\n\n<p>Nous sommes fiers d&rsquo;offrir \u00e0 nos clients des solutions personnalis\u00e9es et innovantes pour leurs projets d&rsquo;infrastructure, tout en respectant les normes de qualit\u00e9, de s\u00e9curit\u00e9 et d&rsquo;environnement les plus strictes.<\/p>\n<\/div>\n\n\n\n<div class=\"wp-block-column is-layout-flow wp-block-column-is-layout-flow\">\n<figure class=\"wp-block-image\"><img decoding=\"async\" src=\"https:\/\/servicestechniquessd.ca\/wp-content\/uploads\/2023\/08\/arpentageconst-edited.jpg\" alt=\"\"\/><\/figure>\n<\/div>\n<\/div>\n","protected":false},"excerpt":{"rendered":"<p>Nous poss\u00e9dons une vaste expertise dans plusieurs domaines, notamment : Nous sommes fiers d&rsquo;offrir \u00e0 nos clients des solutions personnalis\u00e9es et innovantes pour leurs projets d&rsquo;infrastructure, tout en respectant les normes de qualit\u00e9, de s\u00e9curit\u00e9 et d&rsquo;environnement les plus strictes.<\/p>\n","protected":false},"author":1,"featured_media":0,"parent":0,"menu_order":0,"comment_status":"closed","ping_status":"closed","template":"page-templates\/page-full-width.php","meta":{"footnotes":""},"class_list":["post-77","page","type-page","status-publish","hentry"],"_links":{"self":[{"href":"https:\/\/servicestechniquessd.ca\/index.php?rest_route=\/wp\/v2\/pages\/77","targetHints":{"allow":["GET"]}}],"collection":[{"href":"https:\/\/servicestechniquessd.ca\/index.php?rest_route=\/wp\/v2\/pages"}],"about":[{"href":"https:\/\/servicestechniquessd.ca\/index.php?rest_route=\/wp\/v2\/types\/page"}],"author":[{"embeddable":true,"href":"https:\/\/servicestechniquessd.ca\/index.php?rest_route=\/wp\/v2\/users\/1"}],"replies":[{"embeddable":true,"href":"https:\/\/servicestechniquessd.ca\/index.php?rest_route=%2Fwp%2Fv2%2Fcomments&post=77"}],"version-history":[{"count":15,"href":"https:\/\/servicestechniquessd.ca\/index.php?rest_route=\/wp\/v2\/pages\/77\/revisions"}],"predecessor-version":[{"id":328,"href":"https:\/\/servicestechniquessd.ca\/index.php?rest_route=\/wp\/v2\/pages\/77\/revisions\/328"}],"wp:attachment":[{"href":"https:\/\/servicestechniquessd.ca\/index.php?rest_route=%2Fwp%2Fv2%2Fmedia&parent=77"}],"curies":[{"name":"wp","href":"https:\/\/api.w.org\/{rel}","templated":true}]}}